{"id":777,"date":"2024-02-06T13:26:36","date_gmt":"2024-02-06T18:26:36","guid":{"rendered":"https:\/\/m100l.com\/product\/mieux-vivre-avec-la-personnalite-limite\/"},"modified":"2024-04-22T21:24:19","modified_gmt":"2024-04-23T01:24:19","slug":"mieux-vivre-avec-la-personnalite-limite","status":"publish","type":"product","link":"https:\/\/m100l.com\/en\/product\/mieux-vivre-avec-la-personnalite-limite\/","title":{"rendered":"Mieux vivre avec la personnalit\u00e9 limite &#8211; French only"},"content":{"rendered":"<p>UNDERSTANDING WHY YOU LIVE WITH A FEELING OF EMPTINESS, EMOTIONAL RUSSIAN MOUNTAINS OR ANGER IN THE FACE OF ABANDONMENT Bringing together the expertise of researchers, a clinician and people living with Borderline Personality Disorder (BPD), this book has been written to help sufferers (and those who accompany them) recognize themselves, inspire their recovery process and find hope. It supports self-management of health and will enable individuals with relational and identity-related difficulties to take the first steps towards wellness. &#8211; Avenues for improvement designed for anyone on the borderline personality disorder spectrum. &#8211; The four phases of recovery. &#8211; Never-before-published texts recounting the daily lives of people with BPD. Julie Desrosiers is an occupational therapist, professor at the Haute \u00c9cole de travail social et de la sant\u00e9 in Lausanne (Switzerland) and associate professor at UQTR. Catherine Briand is an occupational therapist, professor at UQTR, researcher and founder of the Centre d&#8217;\u00e9tudes sur la r\u00e9adaptation, le r\u00e9tablissement et l&#8217;insertion sociale. M\u00e9lanie-Karine Dub\u00e9 is a French teacher. Rhina Maltez is a yoga teacher. Janie Groulx is a clinical occupational therapist.<\/p>\n","protected":false},"excerpt":{"rendered":"<p>This book has been written to help those who suffer from it (and those who support them) to recognize themselves, to inspire their recovery process and to find hope.<\/p>\n","protected":false},"featured_media":630,"template":"","meta":{"_acf_changed":false},"product_cat":[30],"product_tag":[],"acf":[],"yoast_head":"<!-- This site is optimized with the Yoast SEO plugin v22.5 - https:\/\/yoast.com\/wordpress\/plugins\/seo\/ -->\n<title>Understanding BPD - La Maison 100 Limites | Guide to Emotional Wellness<\/title>\n<meta name=\"description\" content=\"Discover insights into BPD with our guide, featuring expert research and real stories. Learn about managing emptiness, emotional swings, and fear of abandonment.\" \/>\n<meta name=\"robots\" content=\"index, follow, max-snippet:-1, max-image-preview:large, max-video-preview:-1\" \/>\n<link rel=\"canonical\" href=\"https:\/\/m100l.com\/en\/product\/mieux-vivre-avec-la-personnalite-limite\/\" \/>\n<meta property=\"og:locale\" content=\"en_US\" \/>\n<meta property=\"og:type\" content=\"article\" \/>\n<meta property=\"og:title\" content=\"Understanding BPD - La Maison 100 Limites | Guide to Emotional Wellness\" \/>\n<meta property=\"og:description\" content=\"Discover insights into BPD with our guide, featuring expert research and real stories. Learn about managing emptiness, emotional swings, and fear of abandonment.\" \/>\n<meta property=\"og:url\" content=\"https:\/\/m100l.com\/en\/product\/mieux-vivre-avec-la-personnalite-limite\/\" \/>\n<meta property=\"og:site_name\" content=\"La Maison 100 limites\" \/>\n<meta property=\"article:modified_time\" content=\"2024-04-23T01:24:19+00:00\" \/>\n<meta property=\"og:image\" content=\"https:\/\/m100l.com\/wp-content\/uploads\/2024\/02\/61O3VWd3jHL._SY466_.jpg\" \/>\n\t<meta property=\"og:image:width\" content=\"311\" \/>\n\t<meta property=\"og:image:height\" content=\"466\" \/>\n\t<meta property=\"og:image:type\" content=\"image\/jpeg\" \/>\n<meta name=\"twitter:card\" content=\"summary_large_image\" \/>\n<script type=\"application\/ld+json\" class=\"yoast-schema-graph\">{\"@context\":\"https:\/\/schema.org\",\"@graph\":[{\"@type\":\"WebPage\",\"@id\":\"https:\/\/m100l.com\/en\/product\/mieux-vivre-avec-la-personnalite-limite\/\",\"url\":\"https:\/\/m100l.com\/en\/product\/mieux-vivre-avec-la-personnalite-limite\/\",\"name\":\"Understanding BPD - La Maison 100 Limites | Guide to Emotional Wellness\",\"isPartOf\":{\"@id\":\"https:\/\/m100l.com\/en\/#website\"},\"primaryImageOfPage\":{\"@id\":\"https:\/\/m100l.com\/en\/product\/mieux-vivre-avec-la-personnalite-limite\/#primaryimage\"},\"image\":{\"@id\":\"https:\/\/m100l.com\/en\/product\/mieux-vivre-avec-la-personnalite-limite\/#primaryimage\"},\"thumbnailUrl\":\"https:\/\/m100l.com\/wp-content\/uploads\/2024\/02\/61O3VWd3jHL._SY466_.jpg\",\"datePublished\":\"2024-02-06T18:26:36+00:00\",\"dateModified\":\"2024-04-23T01:24:19+00:00\",\"description\":\"Discover insights into BPD with our guide, featuring expert research and real stories. Learn about managing emptiness, emotional swings, and fear of abandonment.\",\"breadcrumb\":{\"@id\":\"https:\/\/m100l.com\/en\/product\/mieux-vivre-avec-la-personnalite-limite\/#breadcrumb\"},\"inLanguage\":\"en-US\",\"potentialAction\":[{\"@type\":\"ReadAction\",\"target\":[\"https:\/\/m100l.com\/en\/product\/mieux-vivre-avec-la-personnalite-limite\/\"]}]},{\"@type\":\"ImageObject\",\"inLanguage\":\"en-US\",\"@id\":\"https:\/\/m100l.com\/en\/product\/mieux-vivre-avec-la-personnalite-limite\/#primaryimage\",\"url\":\"https:\/\/m100l.com\/wp-content\/uploads\/2024\/02\/61O3VWd3jHL._SY466_.jpg\",\"contentUrl\":\"https:\/\/m100l.com\/wp-content\/uploads\/2024\/02\/61O3VWd3jHL._SY466_.jpg\",\"width\":311,\"height\":466},{\"@type\":\"BreadcrumbList\",\"@id\":\"https:\/\/m100l.com\/en\/product\/mieux-vivre-avec-la-personnalite-limite\/#breadcrumb\",\"itemListElement\":[{\"@type\":\"ListItem\",\"position\":1,\"name\":\"Accueil\",\"item\":\"https:\/\/m100l.p3f.dev\/en\/\"},{\"@type\":\"ListItem\",\"position\":2,\"name\":\"Products\",\"item\":\"https:\/\/m100l.com\/en\/shop\/\"},{\"@type\":\"ListItem\",\"position\":3,\"name\":\"Mieux vivre avec la personnalit\u00e9 limite &#8211; French only\"}]},{\"@type\":\"WebSite\",\"@id\":\"https:\/\/m100l.com\/en\/#website\",\"url\":\"https:\/\/m100l.com\/en\/\",\"name\":\"La Maison 100 limites\",\"description\":\"\",\"potentialAction\":[{\"@type\":\"SearchAction\",\"target\":{\"@type\":\"EntryPoint\",\"urlTemplate\":\"https:\/\/m100l.com\/en\/?s={search_term_string}\"},\"query-input\":\"required name=search_term_string\"}],\"inLanguage\":\"en-US\"}]}<\/script>\n<!-- \/ Yoast SEO plugin. -->","yoast_head_json":{"title":"Understanding BPD - La Maison 100 Limites | Guide to Emotional Wellness","description":"Discover insights into BPD with our guide, featuring expert research and real stories. Learn about managing emptiness, emotional swings, and fear of abandonment.","robots":{"index":"index","follow":"follow","max-snippet":"max-snippet:-1","max-image-preview":"max-image-preview:large","max-video-preview":"max-video-preview:-1"},"canonical":"https:\/\/m100l.com\/en\/product\/mieux-vivre-avec-la-personnalite-limite\/","og_locale":"en_US","og_type":"article","og_title":"Understanding BPD - La Maison 100 Limites | Guide to Emotional Wellness","og_description":"Discover insights into BPD with our guide, featuring expert research and real stories. Learn about managing emptiness, emotional swings, and fear of abandonment.","og_url":"https:\/\/m100l.com\/en\/product\/mieux-vivre-avec-la-personnalite-limite\/","og_site_name":"La Maison 100 limites","article_modified_time":"2024-04-23T01:24:19+00:00","og_image":[{"width":311,"height":466,"url":"https:\/\/m100l.com\/wp-content\/uploads\/2024\/02\/61O3VWd3jHL._SY466_.jpg","type":"image\/jpeg"}],"twitter_card":"summary_large_image","schema":{"@context":"https:\/\/schema.org","@graph":[{"@type":"WebPage","@id":"https:\/\/m100l.com\/en\/product\/mieux-vivre-avec-la-personnalite-limite\/","url":"https:\/\/m100l.com\/en\/product\/mieux-vivre-avec-la-personnalite-limite\/","name":"Understanding BPD - La Maison 100 Limites | Guide to Emotional Wellness","isPartOf":{"@id":"https:\/\/m100l.com\/en\/#website"},"primaryImageOfPage":{"@id":"https:\/\/m100l.com\/en\/product\/mieux-vivre-avec-la-personnalite-limite\/#primaryimage"},"image":{"@id":"https:\/\/m100l.com\/en\/product\/mieux-vivre-avec-la-personnalite-limite\/#primaryimage"},"thumbnailUrl":"https:\/\/m100l.com\/wp-content\/uploads\/2024\/02\/61O3VWd3jHL._SY466_.jpg","datePublished":"2024-02-06T18:26:36+00:00","dateModified":"2024-04-23T01:24:19+00:00","description":"Discover insights into BPD with our guide, featuring expert research and real stories. Learn about managing emptiness, emotional swings, and fear of abandonment.","breadcrumb":{"@id":"https:\/\/m100l.com\/en\/product\/mieux-vivre-avec-la-personnalite-limite\/#breadcrumb"},"inLanguage":"en-US","potentialAction":[{"@type":"ReadAction","target":["https:\/\/m100l.com\/en\/product\/mieux-vivre-avec-la-personnalite-limite\/"]}]},{"@type":"ImageObject","inLanguage":"en-US","@id":"https:\/\/m100l.com\/en\/product\/mieux-vivre-avec-la-personnalite-limite\/#primaryimage","url":"https:\/\/m100l.com\/wp-content\/uploads\/2024\/02\/61O3VWd3jHL._SY466_.jpg","contentUrl":"https:\/\/m100l.com\/wp-content\/uploads\/2024\/02\/61O3VWd3jHL._SY466_.jpg","width":311,"height":466},{"@type":"BreadcrumbList","@id":"https:\/\/m100l.com\/en\/product\/mieux-vivre-avec-la-personnalite-limite\/#breadcrumb","itemListElement":[{"@type":"ListItem","position":1,"name":"Accueil","item":"https:\/\/m100l.p3f.dev\/en\/"},{"@type":"ListItem","position":2,"name":"Products","item":"https:\/\/m100l.com\/en\/shop\/"},{"@type":"ListItem","position":3,"name":"Mieux vivre avec la personnalit\u00e9 limite &#8211; French only"}]},{"@type":"WebSite","@id":"https:\/\/m100l.com\/en\/#website","url":"https:\/\/m100l.com\/en\/","name":"La Maison 100 limites","description":"","potentialAction":[{"@type":"SearchAction","target":{"@type":"EntryPoint","urlTemplate":"https:\/\/m100l.com\/en\/?s={search_term_string}"},"query-input":"required name=search_term_string"}],"inLanguage":"en-US"}]}},"_links":{"self":[{"href":"https:\/\/m100l.com\/en\/wp-json\/wp\/v2\/product\/777"}],"collection":[{"href":"https:\/\/m100l.com\/en\/wp-json\/wp\/v2\/product"}],"about":[{"href":"https:\/\/m100l.com\/en\/wp-json\/wp\/v2\/types\/product"}],"wp:featuredmedia":[{"embeddable":true,"href":"https:\/\/m100l.com\/en\/wp-json\/wp\/v2\/media\/630"}],"wp:attachment":[{"href":"https:\/\/m100l.com\/en\/wp-json\/wp\/v2\/media?parent=777"}],"wp:term":[{"taxonomy":"product_cat","embeddable":true,"href":"https:\/\/m100l.com\/en\/wp-json\/wp\/v2\/product_cat?post=777"},{"taxonomy":"product_tag","embeddable":true,"href":"https:\/\/m100l.com\/en\/wp-json\/wp\/v2\/product_tag?post=777"}],"curies":[{"name":"wp","href":"https:\/\/api.w.org\/{rel}","templated":true}]}}